{"id":5552,"date":"2026-03-04T10:11:09","date_gmt":"2026-03-04T10:11:09","guid":{"rendered":"https:\/\/havbrisas.no\/?page_id=5552"},"modified":"2026-05-03T10:54:52","modified_gmt":"2026-05-03T10:54:52","slug":"book-pilegrims-tur","status":"publish","type":"page","link":"https:\/\/havbrisas.no\/en\/book-pilegrims-tur\/","title":{"rendered":"Book Pilegrims Tur"},"content":{"rendered":"<p>[et_pb_section fb_built=&raquo;1&#8243; _builder_version=&raquo;4.27.4&#8243; _module_preset=&raquo;default&raquo; background_color=&raquo;#f4f4f4&#8243; global_colors_info=&raquo;{}&raquo;][et_pb_row column_structure=&raquo;1_2,1_2&#8243; _builder_version=&raquo;4.27.4&#8243; _module_preset=&raquo;default&raquo; global_colors_info=&raquo;{}&raquo;][et_pb_column type=&raquo;1_2&#8243; _builder_version=&raquo;4.27.4&#8243; _module_preset=&raquo;default&raquo; global_colors_info=&raquo;{}&raquo;][et_pb_heading title=&raquo;Book Pilegrimstur med Havbris&raquo; _builder_version=&raquo;4.27.4&#8243; _module_preset=&raquo;default&raquo; title_font=&raquo;Poppins|700|||||||&raquo; global_colors_info=&raquo;{}&raquo;][\/et_pb_heading][\/et_pb_column][et_pb_column type=&raquo;1_2&#8243; _builder_version=&raquo;4.27.4&#8243; _module_preset=&raquo;default&raquo; global_colors_info=&raquo;{}&raquo;][\/et_pb_column][\/et_pb_row][et_pb_row column_structure=&raquo;1_2,1_2&#8243; _builder_version=&raquo;4.27.4&#8243; _module_preset=&raquo;default&raquo; global_colors_info=&raquo;{}&raquo;][et_pb_column type=&raquo;1_2&#8243; _builder_version=&raquo;4.27.4&#8243; _module_preset=&raquo;default&raquo; global_colors_info=&raquo;{}&raquo;][et_pb_blurb title=&raquo; +47 988 02 283&#8243; url=&raquo;tel:+4798802283&#8243; use_icon=&raquo;on&raquo; font_icon=&raquo;&#xe090;||divi||400&#8243; icon_color=&raquo;#000000&#8243; icon_placement=&raquo;left&raquo; image_icon_width=&raquo;27px&raquo; _builder_version=&raquo;4.27.4&#8243; _module_preset=&raquo;default&raquo; header_font=&raquo;Poppins||||||||&raquo; header_font_size=&raquo;27px&raquo; link_option_url=&raquo;tel:+4798802283&#8243; global_colors_info=&raquo;{}&raquo; header_text_color__hover_enabled=&raquo;on|hover&raquo; header_text_color__hover=&raquo;#0C71C3&#8243;][\/et_pb_blurb][\/et_pb_column][et_pb_column type=&raquo;1_2&#8243; _builder_version=&raquo;4.27.4&#8243; _module_preset=&raquo;default&raquo; global_colors_info=&raquo;{}&raquo;][et_pb_blurb title=&raquo;info@havbrisas.no&raquo; url=&raquo;mailto:info@havbrisas.no&raquo; use_icon=&raquo;on&raquo; font_icon=&raquo;&#xe010;||divi||400&#8243; icon_color=&raquo;#000000&#8243; icon_placement=&raquo;left&raquo; image_icon_width=&raquo;27px&raquo; _builder_version=&raquo;4.27.4&#8243; _module_preset=&raquo;default&raquo; header_font=&raquo;Poppins||||||||&raquo; header_font_size=&raquo;27px&raquo; link_option_url=&raquo;mailto:info@havbrisas.no&raquo; global_colors_info=&raquo;{}&raquo; header_text_color__hover_enabled=&raquo;on|hover&raquo; header_text_color__hover=&raquo;#0C71C3&#8243;][\/et_pb_blurb][\/et_pb_column][\/et_pb_row][et_pb_row _builder_version=&raquo;4.27.4&#8243; _module_preset=&raquo;default&raquo; custom_padding=&raquo;1px||19px|||&raquo; global_colors_info=&raquo;{}&raquo;][et_pb_column type=&raquo;4_4&#8243; _builder_version=&raquo;4.27.4&#8243; _module_preset=&raquo;default&raquo; global_colors_info=&raquo;{}&raquo;][et_pb_code _builder_version=&raquo;4.27.4&#8243; _module_preset=&raquo;default&raquo; custom_margin=&raquo;||||false|false&raquo; custom_padding=&raquo;0px|||||&raquo; global_colors_info=&raquo;{}&raquo;]<iframe src=\"https:\/\/api.leadconnectorhq.com\/widget\/group\/yh88AHDCka7eNXmckkHa\" style=\"width: 100%;border:none;overflow: hidden;\" scrolling=\"no\" id=\"yh88AHDCka7eNXmckkHa_1772619991659\"><\/iframe><!\u2013- [et_pb_br_holder] -\u2013><script src=\"https:\/\/link.msgsndr.com\/js\/form_embed.js\" type=\"text\/javascript\"><\/script>[\/et_pb_code][\/et_pb_column][\/et_pb_row][\/et_pb_section][et_pb_section fb_built=&raquo;1&#8243; _builder_version=&raquo;4.27.4&#8243; _module_preset=&raquo;default&raquo; global_colors_info=&raquo;{}&raquo;][et_pb_row _builder_version=&raquo;4.27.4&#8243; _module_preset=&raquo;default&raquo; global_colors_info=&raquo;{}&raquo;][et_pb_column type=&raquo;4_4&#8243; _builder_version=&raquo;4.27.4&#8243; _module_preset=&raquo;default&raquo; global_colors_info=&raquo;{}&raquo;][et_pb_text _builder_version=&raquo;4.27.4&#8243; _module_preset=&raquo;default&raquo; text_font=&raquo;Poppins||||||||&raquo; text_text_color=&raquo;#000000&#8243; text_font_size=&raquo;17px&raquo; header_2_font=&raquo;|700|||||||&raquo; header_2_text_color=&raquo;#000000&#8243; header_4_font_size=&raquo;31px&raquo; global_colors_info=&raquo;{}&raquo;]<\/p>\n<h4><b>Info<\/b><\/h4>\n<p style=\"font-weight: 400;\">I perioden 12. juni til 17. august 2026 tilbys det b\u00e5ttransport over Trondheimsfjorden mellom Tautra brygge p\u00e5 Frosta og Trondheim. Tilbudet er utviklet for pilegrimer og andre som \u00f8nsker en alternativ og stemningsfull forbindelse mellom Frosta og Nidaros, og gjennomf\u00f8res av Havbris AS i samarbeid med Regionalt Pilegrimssenter Stiklestad.<\/p>\n<p style=\"font-weight: 400;\">Det er faste avganger to dager i uken, mandag og fredag.<\/p>\n<p style=\"font-weight: 400;\">B\u00e5ten g\u00e5r fra Tautra ved seilforeningen klokken 10.00, og fra Trondheim (Bratt\u00f8ra) klokken 11.00.<\/p>\n<p style=\"font-weight: 400;\">Billettprisen er kr 750 per person. Reisende kan ta med sykkel mot et tillegg p\u00e5 kr 150, med kapasitet for inntil fire sykler per tur. Dersom man har med ekstra bagasje utover vanlig tursekk, tilkommer et tillegg p\u00e5 kr 50. Hver avgang har plass til maksimalt 12 passasjerer.<\/p>\n<p style=\"font-weight: 400;\">Gjennomf\u00f8ring av turene forutsetter at minst fire personer har bestilt innen klokken 18.00 dagen f\u00f8r avreise. Dersom p\u00e5meldingen er lavere enn dette, blir avgangen innstilt. Turene gjennomf\u00f8res ogs\u00e5 med forbehold om forsvarlige v\u00e6rforhold, og kan av sikkerhetsmessige \u00e5rsaker avlyses p\u00e5 kort varsel. Ved avlysning varsles dette p\u00e5 Havbris AS sine informasjonskanaler og Facebook-gruppe \u00abHiking along St. Olavsleden\u00bb, samt direkte til passasjerer som har forh\u00e5ndsbestilt.<\/p>\n<p style=\"font-weight: 400;\">Havbris AS er ansvarlig arrang\u00f8r og ivaretar sikkerhet og gjennomf\u00f8ring av transporten i henhold til gjeldende avtale for sesongen 2026.<\/p>\n<ul><\/ul>\n<p>[\/et_pb_text][\/et_pb_column][\/et_pb_row][\/et_pb_section][et_pb_section fb_built=&raquo;1&#8243; module_id=&raquo;KONTAKT&raquo; _builder_version=&raquo;4.23.1&#8243; _module_preset=&raquo;default&raquo; global_colors_info=&raquo;{}&raquo;][et_pb_row column_structure=&raquo;1_2,1_2&#8243; module_id=&raquo;skjema&raquo; _builder_version=&raquo;4.23.1&#8243; _module_preset=&raquo;default&raquo; global_colors_info=&raquo;{}&raquo;][et_pb_column type=&raquo;1_2&#8243; _builder_version=&raquo;4.23.1&#8243; _module_preset=&raquo;default&raquo; global_colors_info=&raquo;{}&raquo;][et_pb_contact_form email=&raquo;info@havbrisas.no&raquo; submit_button_text=&raquo;Send&raquo; _builder_version=&raquo;4.27.4&#8243; _module_preset=&raquo;default&raquo; _unique_id=&raquo;591d1257-ddb4-44ab-ab8c-8de5fae1ae0b&raquo; form_field_text_color=&raquo;#000000&#8243; captcha_font=&raquo;Poppins||||||||&raquo; captcha_text_color=&raquo;#000000&#8243; form_field_font=&raquo;Poppins||||||||&raquo; custom_button=&raquo;on&raquo; button_text_size=&raquo;16px&raquo; button_text_color=&raquo;#ffffff&raquo; button_bg_color=&raquo;#043c9a&raquo; button_font=&raquo;Poppins|||on|||||&raquo; global_colors_info=&raquo;{}&raquo;][et_pb_contact_field field_id=&raquo;Navn&raquo; field_title=&raquo;Navn&raquo; _builder_version=&raquo;4.23.1&#8243; global_colors_info=&raquo;{}&raquo; button_text_size__hover_enabled=&raquo;off&raquo; button_one_text_size__hover_enabled=&raquo;off&raquo; button_two_text_size__hover_enabled=&raquo;off&raquo; button_text_color__hover_enabled=&raquo;off&raquo; button_one_text_color__hover_enabled=&raquo;off&raquo; button_two_text_color__hover_enabled=&raquo;off&raquo; button_border_width__hover_enabled=&raquo;off&raquo; button_one_border_width__hover_enabled=&raquo;off&raquo; button_two_border_width__hover_enabled=&raquo;off&raquo; button_border_color__hover_enabled=&raquo;off&raquo; button_one_border_color__hover_enabled=&raquo;off&raquo; button_two_border_color__hover_enabled=&raquo;off&raquo; button_border_radius__hover_enabled=&raquo;off&raquo; button_one_border_radius__hover_enabled=&raquo;off&raquo; button_two_border_radius__hover_enabled=&raquo;off&raquo; button_letter_spacing__hover_enabled=&raquo;off&raquo; button_one_letter_spacing__hover_enabled=&raquo;off&raquo; button_two_letter_spacing__hover_enabled=&raquo;off&raquo; button_bg_color__hover_enabled=&raquo;off&raquo; button_one_bg_color__hover_enabled=&raquo;off&raquo; button_two_bg_color__hover_enabled=&raquo;off&raquo;][\/et_pb_contact_field][et_pb_contact_field field_id=&raquo;Epost&raquo; field_title=&raquo;Epost&raquo; field_type=&raquo;email&raquo; _builder_version=&raquo;4.23.1&#8243; global_colors_info=&raquo;{}&raquo; button_text_size__hover_enabled=&raquo;off&raquo; button_one_text_size__hover_enabled=&raquo;off&raquo; button_two_text_size__hover_enabled=&raquo;off&raquo; button_text_color__hover_enabled=&raquo;off&raquo; button_one_text_color__hover_enabled=&raquo;off&raquo; button_two_text_color__hover_enabled=&raquo;off&raquo; button_border_width__hover_enabled=&raquo;off&raquo; button_one_border_width__hover_enabled=&raquo;off&raquo; button_two_border_width__hover_enabled=&raquo;off&raquo; button_border_color__hover_enabled=&raquo;off&raquo; button_one_border_color__hover_enabled=&raquo;off&raquo; button_two_border_color__hover_enabled=&raquo;off&raquo; button_border_radius__hover_enabled=&raquo;off&raquo; button_one_border_radius__hover_enabled=&raquo;off&raquo; button_two_border_radius__hover_enabled=&raquo;off&raquo; button_letter_spacing__hover_enabled=&raquo;off&raquo; button_one_letter_spacing__hover_enabled=&raquo;off&raquo; button_two_letter_spacing__hover_enabled=&raquo;off&raquo; button_bg_color__hover_enabled=&raquo;off&raquo; button_one_bg_color__hover_enabled=&raquo;off&raquo; button_two_bg_color__hover_enabled=&raquo;off&raquo;][\/et_pb_contact_field][et_pb_contact_field field_id=&raquo;Telefon&raquo; field_title=&raquo;Telefon&raquo; allowed_symbols=&raquo;numbers&raquo; fullwidth_field=&raquo;on&raquo; _builder_version=&raquo;4.23.1&#8243; _module_preset=&raquo;default&raquo; global_colors_info=&raquo;{}&raquo;][\/et_pb_contact_field][et_pb_contact_field field_id=&raquo;Melding&raquo; field_title=&raquo;Melding&raquo; field_type=&raquo;text&raquo; fullwidth_field=&raquo;on&raquo; _builder_version=&raquo;4.23.1&#8243; global_colors_info=&raquo;{}&raquo; button_text_size__hover_enabled=&raquo;off&raquo; button_one_text_size__hover_enabled=&raquo;off&raquo; button_two_text_size__hover_enabled=&raquo;off&raquo; button_text_color__hover_enabled=&raquo;off&raquo; button_one_text_color__hover_enabled=&raquo;off&raquo; button_two_text_color__hover_enabled=&raquo;off&raquo; button_border_width__hover_enabled=&raquo;off&raquo; button_one_border_width__hover_enabled=&raquo;off&raquo; button_two_border_width__hover_enabled=&raquo;off&raquo; button_border_color__hover_enabled=&raquo;off&raquo; button_one_border_color__hover_enabled=&raquo;off&raquo; button_two_border_color__hover_enabled=&raquo;off&raquo; button_border_radius__hover_enabled=&raquo;off&raquo; button_one_border_radius__hover_enabled=&raquo;off&raquo; button_two_border_radius__hover_enabled=&raquo;off&raquo; button_letter_spacing__hover_enabled=&raquo;off&raquo; button_one_letter_spacing__hover_enabled=&raquo;off&raquo; button_two_letter_spacing__hover_enabled=&raquo;off&raquo; button_bg_color__hover_enabled=&raquo;off&raquo; button_one_bg_color__hover_enabled=&raquo;off&raquo; button_two_bg_color__hover_enabled=&raquo;off&raquo;][\/et_pb_contact_field][\/et_pb_contact_form][\/et_pb_column][et_pb_column type=&raquo;1_2&#8243; _builder_version=&raquo;4.23.1&#8243; _module_preset=&raquo;default&raquo; global_colors_info=&raquo;{}&raquo;][et_pb_code _builder_version=&raquo;4.23.1&#8243; _module_preset=&raquo;default&raquo; global_colors_info=&raquo;{}&raquo; raw_content__hover_enabled=&raquo;off|desktop&raquo;]<iframe src=\"https:\/\/www.google.com\/maps\/embed?pb=!1m18!1m12!1m3!1d1776.6660449391868!2d10.685393677324129!3d63.55746657693059!2m3!1f0!2f0!3f0!3m2!1i1024!2i768!4f13.1!3m3!1m2!1s0x466d38808dfa1b9f%3A0x37b5032624cd38d9!2sFrostavegen%202204%2C%207633%20Frosta!5e0!3m2!1sno!2sno!4v1705429676803!5m2!1sno!2sno\" width=\"600\" height=\"450\" style=\"border:0;\" allowfullscreen=\"\" loading=\"lazy\" referrerpolicy=\"no-referrer-when-downgrade\"><\/iframe>[\/et_pb_code][\/et_pb_column][\/et_pb_row][\/et_pb_section]<\/p>\n","protected":false},"excerpt":{"rendered":"<p>Info I perioden 12. juni til 17. august 2026 tilbys det b\u00e5ttransport over Trondheimsfjorden mellom Tautra brygge p\u00e5 Frosta og Trondheim. Tilbudet er utviklet for pilegrimer og andre som \u00f8nsker en alternativ og stemningsfull forbindelse mellom Frosta og Nidaros, og gjennomf\u00f8res av Havbris AS i samarbeid med Regionalt Pilegrimssenter Stiklestad. Det er faste avganger to [&hellip;]<\/p>\n","protected":false},"author":2,"featured_media":0,"parent":0,"menu_order":0,"comment_status":"closed","ping_status":"closed","template":"","meta":{"_et_pb_use_builder":"on","_et_pb_old_content":"","_et_gb_content_width":"","footnotes":""},"class_list":["post-5552","page","type-page","status-publish","hentry"],"yoast_head":"<!-- This site is optimized with the Yoast SEO plugin v27.5 - https:\/\/yoast.com\/product\/yoast-seo-wordpress\/ -->\n<title>Book Pilegrims Tur - Havbris AS<\/title>\n<meta name=\"robots\" content=\"index, follow, max-snippet:-1, max-image-preview:large, max-video-preview:-1\" \/>\n<link rel=\"canonical\" href=\"https:\/\/havbrisas.no\/en\/book-pilegrims-tur\/\" \/>\n<meta property=\"og:locale\" content=\"en_US\" \/>\n<meta property=\"og:type\" content=\"article\" \/>\n<meta property=\"og:title\" content=\"Book Pilegrims Tur - Havbris AS\" \/>\n<meta property=\"og:description\" content=\"Info I perioden 12. juni til 17. august 2026 tilbys det b\u00e5ttransport over Trondheimsfjorden mellom Tautra brygge p\u00e5 Frosta og Trondheim. Tilbudet er utviklet for pilegrimer og andre som \u00f8nsker en alternativ og stemningsfull forbindelse mellom Frosta og Nidaros, og gjennomf\u00f8res av Havbris AS i samarbeid med Regionalt Pilegrimssenter Stiklestad. Det er faste avganger to [&hellip;]\" \/>\n<meta property=\"og:url\" content=\"https:\/\/havbrisas.no\/en\/book-pilegrims-tur\/\" \/>\n<meta property=\"og:site_name\" content=\"Havbris AS\" \/>\n<meta property=\"article:publisher\" content=\"https:\/\/www.facebook.com\/havbrisas\" \/>\n<meta property=\"article:modified_time\" content=\"2026-05-03T10:54:52+00:00\" \/>\n<meta name=\"twitter:card\" content=\"summary_large_image\" \/>\n<meta name=\"twitter:label1\" content=\"Est. reading time\" \/>\n\t<meta name=\"twitter:data1\" content=\"2 minutes\" \/>\n<script type=\"application\/ld+json\" class=\"yoast-schema-graph\">{\"@context\":\"https:\\\/\\\/schema.org\",\"@graph\":[{\"@type\":\"WebPage\",\"@id\":\"https:\\\/\\\/havbrisas.no\\\/book-pilegrims-tur\\\/\",\"url\":\"https:\\\/\\\/havbrisas.no\\\/book-pilegrims-tur\\\/\",\"name\":\"Book Pilegrims Tur - Havbris AS\",\"isPartOf\":{\"@id\":\"https:\\\/\\\/havbrisas.no\\\/#website\"},\"datePublished\":\"2026-03-04T10:11:09+00:00\",\"dateModified\":\"2026-05-03T10:54:52+00:00\",\"breadcrumb\":{\"@id\":\"https:\\\/\\\/havbrisas.no\\\/book-pilegrims-tur\\\/#breadcrumb\"},\"inLanguage\":\"en-US\",\"potentialAction\":[{\"@type\":\"ReadAction\",\"target\":[\"https:\\\/\\\/havbrisas.no\\\/book-pilegrims-tur\\\/\"]}]},{\"@type\":\"BreadcrumbList\",\"@id\":\"https:\\\/\\\/havbrisas.no\\\/book-pilegrims-tur\\\/#breadcrumb\",\"itemListElement\":[{\"@type\":\"ListItem\",\"position\":1,\"name\":\"Home\",\"item\":\"https:\\\/\\\/havbrisas.no\\\/\"},{\"@type\":\"ListItem\",\"position\":2,\"name\":\"Book Pilegrims Tur\"}]},{\"@type\":\"WebSite\",\"@id\":\"https:\\\/\\\/havbrisas.no\\\/#website\",\"url\":\"https:\\\/\\\/havbrisas.no\\\/\",\"name\":\"Havbris AS\",\"description\":\"\",\"publisher\":{\"@id\":\"https:\\\/\\\/havbrisas.no\\\/#organization\"},\"potentialAction\":[{\"@type\":\"SearchAction\",\"target\":{\"@type\":\"EntryPoint\",\"urlTemplate\":\"https:\\\/\\\/havbrisas.no\\\/?s={search_term_string}\"},\"query-input\":{\"@type\":\"PropertyValueSpecification\",\"valueRequired\":true,\"valueName\":\"search_term_string\"}}],\"inLanguage\":\"en-US\"},{\"@type\":\"Organization\",\"@id\":\"https:\\\/\\\/havbrisas.no\\\/#organization\",\"name\":\"Havbris AS\",\"url\":\"https:\\\/\\\/havbrisas.no\\\/\",\"logo\":{\"@type\":\"ImageObject\",\"inLanguage\":\"en-US\",\"@id\":\"https:\\\/\\\/havbrisas.no\\\/#\\\/schema\\\/logo\\\/image\\\/\",\"url\":\"https:\\\/\\\/havbrisas.no\\\/wp-content\\\/uploads\\\/2024\\\/01\\\/Untitled-design-24.png\",\"contentUrl\":\"https:\\\/\\\/havbrisas.no\\\/wp-content\\\/uploads\\\/2024\\\/01\\\/Untitled-design-24.png\",\"width\":1000,\"height\":1288,\"caption\":\"Havbris AS\"},\"image\":{\"@id\":\"https:\\\/\\\/havbrisas.no\\\/#\\\/schema\\\/logo\\\/image\\\/\"},\"sameAs\":[\"https:\\\/\\\/www.facebook.com\\\/havbrisas\",\"https:\\\/\\\/www.instagram.com\\\/havbrisas\\\/\"]}]}<\/script>\n<!-- \/ Yoast SEO plugin. -->","yoast_head_json":{"title":"Book Pilegrims Tur - Havbris AS","robots":{"index":"index","follow":"follow","max-snippet":"max-snippet:-1","max-image-preview":"max-image-preview:large","max-video-preview":"max-video-preview:-1"},"canonical":"https:\/\/havbrisas.no\/en\/book-pilegrims-tur\/","og_locale":"en_US","og_type":"article","og_title":"Book Pilegrims Tur - Havbris AS","og_description":"Info I perioden 12. juni til 17. august 2026 tilbys det b\u00e5ttransport over Trondheimsfjorden mellom Tautra brygge p\u00e5 Frosta og Trondheim. Tilbudet er utviklet for pilegrimer og andre som \u00f8nsker en alternativ og stemningsfull forbindelse mellom Frosta og Nidaros, og gjennomf\u00f8res av Havbris AS i samarbeid med Regionalt Pilegrimssenter Stiklestad. Det er faste avganger to [&hellip;]","og_url":"https:\/\/havbrisas.no\/en\/book-pilegrims-tur\/","og_site_name":"Havbris AS","article_publisher":"https:\/\/www.facebook.com\/havbrisas","article_modified_time":"2026-05-03T10:54:52+00:00","twitter_card":"summary_large_image","twitter_misc":{"Est. reading time":"2 minutes"},"schema":{"@context":"https:\/\/schema.org","@graph":[{"@type":"WebPage","@id":"https:\/\/havbrisas.no\/book-pilegrims-tur\/","url":"https:\/\/havbrisas.no\/book-pilegrims-tur\/","name":"Book Pilegrims Tur - Havbris AS","isPartOf":{"@id":"https:\/\/havbrisas.no\/#website"},"datePublished":"2026-03-04T10:11:09+00:00","dateModified":"2026-05-03T10:54:52+00:00","breadcrumb":{"@id":"https:\/\/havbrisas.no\/book-pilegrims-tur\/#breadcrumb"},"inLanguage":"en-US","potentialAction":[{"@type":"ReadAction","target":["https:\/\/havbrisas.no\/book-pilegrims-tur\/"]}]},{"@type":"BreadcrumbList","@id":"https:\/\/havbrisas.no\/book-pilegrims-tur\/#breadcrumb","itemListElement":[{"@type":"ListItem","position":1,"name":"Home","item":"https:\/\/havbrisas.no\/"},{"@type":"ListItem","position":2,"name":"Book Pilegrims Tur"}]},{"@type":"WebSite","@id":"https:\/\/havbrisas.no\/#website","url":"https:\/\/havbrisas.no\/","name":"Havbris AS","description":"","publisher":{"@id":"https:\/\/havbrisas.no\/#organization"},"potentialAction":[{"@type":"SearchAction","target":{"@type":"EntryPoint","urlTemplate":"https:\/\/havbrisas.no\/?s={search_term_string}"},"query-input":{"@type":"PropertyValueSpecification","valueRequired":true,"valueName":"search_term_string"}}],"inLanguage":"en-US"},{"@type":"Organization","@id":"https:\/\/havbrisas.no\/#organization","name":"Havbris AS","url":"https:\/\/havbrisas.no\/","logo":{"@type":"ImageObject","inLanguage":"en-US","@id":"https:\/\/havbrisas.no\/#\/schema\/logo\/image\/","url":"https:\/\/havbrisas.no\/wp-content\/uploads\/2024\/01\/Untitled-design-24.png","contentUrl":"https:\/\/havbrisas.no\/wp-content\/uploads\/2024\/01\/Untitled-design-24.png","width":1000,"height":1288,"caption":"Havbris AS"},"image":{"@id":"https:\/\/havbrisas.no\/#\/schema\/logo\/image\/"},"sameAs":["https:\/\/www.facebook.com\/havbrisas","https:\/\/www.instagram.com\/havbrisas\/"]}]}},"_links":{"self":[{"href":"https:\/\/havbrisas.no\/en\/wp-json\/wp\/v2\/pages\/5552","targetHints":{"allow":["GET"]}}],"collection":[{"href":"https:\/\/havbrisas.no\/en\/wp-json\/wp\/v2\/pages"}],"about":[{"href":"https:\/\/havbrisas.no\/en\/wp-json\/wp\/v2\/types\/page"}],"author":[{"embeddable":true,"href":"https:\/\/havbrisas.no\/en\/wp-json\/wp\/v2\/users\/2"}],"replies":[{"embeddable":true,"href":"https:\/\/havbrisas.no\/en\/wp-json\/wp\/v2\/comments?post=5552"}],"version-history":[{"count":8,"href":"https:\/\/havbrisas.no\/en\/wp-json\/wp\/v2\/pages\/5552\/revisions"}],"predecessor-version":[{"id":5571,"href":"https:\/\/havbrisas.no\/en\/wp-json\/wp\/v2\/pages\/5552\/revisions\/5571"}],"wp:attachment":[{"href":"https:\/\/havbrisas.no\/en\/wp-json\/wp\/v2\/media?parent=5552"}],"curies":[{"name":"wp","href":"https:\/\/api.w.org\/{rel}","templated":true}]}}