{"id":5200,"date":"2024-01-17T11:32:32","date_gmt":"2024-01-17T11:32:32","guid":{"rendered":"https:\/\/havbrisas.no\/?page_id=5200"},"modified":"2026-05-03T11:09:10","modified_gmt":"2026-05-03T11:09:10","slug":"opplev-friluftslivet-pa-frosta","status":"publish","type":"page","link":"https:\/\/havbrisas.no\/en\/opplev-friluftslivet-pa-frosta\/","title":{"rendered":"Experience outdoor life at Frosta"},"content":{"rendered":"<p>[et_pb_section fb_built=&raquo;1&#8243; _builder_version=&raquo;4.27.4&#8243; _module_preset=&raquo;default&raquo; background_image=&raquo;https:\/\/havbrisas.no\/wp-content\/uploads\/2024\/01\/IMG_5285-scaled.jpg&raquo; background_position=&raquo;top_center&raquo; background_vertical_offset=&raquo;68%&raquo; height=&raquo;394px&raquo; global_colors_info=&raquo;{}&raquo;][et_pb_row _builder_version=&raquo;4.23.1&#8243; _module_preset=&raquo;default&raquo; global_colors_info=&raquo;{}&raquo;][et_pb_column type=&raquo;4_4&#8243; _builder_version=&raquo;4.23.1&#8243; _module_preset=&raquo;default&raquo; global_colors_info=&raquo;{}&raquo;][et_pb_text _builder_version=&raquo;4.23.1&#8243; _module_preset=&raquo;default&raquo; header_2_font=&raquo;Jost|600||on|||||&raquo; header_2_text_align=&raquo;center&raquo; header_2_text_color=&raquo;#FFFFFF&raquo; header_2_font_size=&raquo;40px&raquo; header_2_line_height=&raquo;1.6em&raquo; locked=&raquo;off&raquo; global_colors_info=&raquo;{}&raquo;]<\/p>\n<h2>Opplev friluftslivet p\u00e5 Frosta<\/h2>\n<p style=\"text-align: center;\">\n<p>[\/et_pb_text][\/et_pb_column][\/et_pb_row][\/et_pb_section][et_pb_section fb_built=&raquo;1&#8243; _builder_version=&raquo;4.23.1&#8243; _module_preset=&raquo;default&raquo; global_colors_info=&raquo;{}&raquo;][et_pb_row _builder_version=&raquo;4.23.1&#8243; _module_preset=&raquo;default&raquo; global_colors_info=&raquo;{}&raquo;][et_pb_column type=&raquo;4_4&#8243; _builder_version=&raquo;4.23.1&#8243; _module_preset=&raquo;default&raquo; global_colors_info=&raquo;{}&raquo;][et_pb_text _builder_version=&raquo;4.27.4&#8243; _module_preset=&raquo;default&raquo; text_font=&raquo;Poppins||||||||&raquo; text_text_color=&raquo;#707070&#8243; text_font_size=&raquo;16px&raquo; text_line_height=&raquo;1.8em&raquo; header_2_font=&raquo;Jost|700||on|||||&raquo; header_2_text_color=&raquo;#000000&#8243; header_2_font_size=&raquo;50px&raquo; custom_padding=&raquo;|||19px||&raquo; global_colors_info=&raquo;{}&raquo;]<\/p>\n<p>I Trondheimsfjorden har vi en fantastisk natur med fine turmuligheter. P\u00e5 denne turen f\u00e5r du oppleve friluftslivet og nyte naturen sammen med naturguiden Erlend som er kjentmann p\u00e5 Frosta. Denne turen passer for hele familien, da vi tilpasser dette til deres behov.<\/p>\n<p>Tronnobergskammen er Frostas svar p\u00e5 Prekestolen. Turen som tar 45 minutter \u00e5 g\u00e5 opp gir deg en fantastisk utsikt over Trondheimsfjorden og Lofjorden. Vel oppe p\u00e5 toppen tilbereder vi sammen et b\u00e5l der vi koser oss med varm drikke og snacks. Om du vil l\u00e6re deg noen triks om hvordan tenne b\u00e5l i naturen f\u00e5r du helt sikkert dette p\u00e5 denne turen.<\/p>\n<p>Guiden m\u00f8ter dere p\u00e5 parkeringsplassen og tar dere med til Tronnobergskammen. Du trenger en sekk med ekstra kl\u00e6r og drikke til deg selv. Terrenget passer fint med joggesko n\u00e5r det er t\u00f8rt, men vil anbefale tursko n\u00e5r det er perioder med nedb\u00f8r. Turen varer i utgangspunktet 2 timer.<\/p>\n<p>&nbsp;<\/p>\n<p><strong>Praktisk<br \/><\/strong>Pris pr person; NOK 690<br \/>Min: 2<span>\u00a0pers<\/span><\/p>\n<p>&nbsp;<\/p>\n<p><strong>PRISENE INKLUDERER<\/strong><\/p>\n<ul>\n<li>Fottur til Tronnobergskammen p\u00e5 Frosta<\/li>\n<li>Varm drikke og tursnacks<\/li>\n<\/ul>\n<p><strong>PRISENE INKLUDERER IKKE<\/strong><\/p>\n<ul>\n<li>Transport<\/li>\n<\/ul>\n<p>&nbsp;<\/p>\n<p>Fyll ut skjema eller ta kontakt med oss hvis du lurer p\u00e5 noe<br \/><a href=\"mailto:info@havbrisas.no\">info@havbrisas.no<\/a><br \/><a href=\"tel:+47%20988 02 283\">+47 988 02 283<\/a><\/p>\n<p>[\/et_pb_text][\/et_pb_column][\/et_pb_row][\/et_pb_section][et_pb_section fb_built=&raquo;1&#8243; module_id=&raquo;KONTAKT&raquo; _builder_version=&raquo;4.23.1&#8243; _module_preset=&raquo;default&raquo; global_colors_info=&raquo;{}&raquo;][et_pb_row column_structure=&raquo;1_2,1_2&#8243; module_id=&raquo;skjema&raquo; _builder_version=&raquo;4.23.1&#8243; _module_preset=&raquo;default&raquo; global_colors_info=&raquo;{}&raquo;][et_pb_column type=&raquo;1_2&#8243; _builder_version=&raquo;4.23.1&#8243; _module_preset=&raquo;default&raquo; global_colors_info=&raquo;{}&raquo;][et_pb_contact_form email=&raquo;info@havbrisas.no&raquo; submit_button_text=&raquo;Send&raquo; _builder_version=&raquo;4.27.4&#8243; _module_preset=&raquo;default&raquo; _unique_id=&raquo;591d1257-ddb4-44ab-ab8c-8de5fae1ae0b&raquo; form_field_text_color=&raquo;#000000&#8243; captcha_font=&raquo;Poppins||||||||&raquo; captcha_text_color=&raquo;#000000&#8243; form_field_font=&raquo;Poppins||||||||&raquo; custom_button=&raquo;on&raquo; button_text_size=&raquo;16px&raquo; button_text_color=&raquo;#ffffff&raquo; button_bg_color=&raquo;#043c9a&raquo; button_font=&raquo;Poppins|||on|||||&raquo; global_colors_info=&raquo;{}&raquo;][et_pb_contact_field field_id=&raquo;Navn&raquo; field_title=&raquo;Navn&raquo; _builder_version=&raquo;4.23.1&#8243; global_colors_info=&raquo;{}&raquo; button_text_size__hover_enabled=&raquo;off&raquo; button_one_text_size__hover_enabled=&raquo;off&raquo; button_two_text_size__hover_enabled=&raquo;off&raquo; button_text_color__hover_enabled=&raquo;off&raquo; button_one_text_color__hover_enabled=&raquo;off&raquo; button_two_text_color__hover_enabled=&raquo;off&raquo; button_border_width__hover_enabled=&raquo;off&raquo; button_one_border_width__hover_enabled=&raquo;off&raquo; button_two_border_width__hover_enabled=&raquo;off&raquo; button_border_color__hover_enabled=&raquo;off&raquo; button_one_border_color__hover_enabled=&raquo;off&raquo; button_two_border_color__hover_enabled=&raquo;off&raquo; button_border_radius__hover_enabled=&raquo;off&raquo; button_one_border_radius__hover_enabled=&raquo;off&raquo; button_two_border_radius__hover_enabled=&raquo;off&raquo; button_letter_spacing__hover_enabled=&raquo;off&raquo; button_one_letter_spacing__hover_enabled=&raquo;off&raquo; button_two_letter_spacing__hover_enabled=&raquo;off&raquo; button_bg_color__hover_enabled=&raquo;off&raquo; button_one_bg_color__hover_enabled=&raquo;off&raquo; button_two_bg_color__hover_enabled=&raquo;off&raquo;][\/et_pb_contact_field][et_pb_contact_field field_id=&raquo;Epost&raquo; field_title=&raquo;Epost&raquo; field_type=&raquo;email&raquo; _builder_version=&raquo;4.23.1&#8243; global_colors_info=&raquo;{}&raquo; button_text_size__hover_enabled=&raquo;off&raquo; button_one_text_size__hover_enabled=&raquo;off&raquo; button_two_text_size__hover_enabled=&raquo;off&raquo; button_text_color__hover_enabled=&raquo;off&raquo; button_one_text_color__hover_enabled=&raquo;off&raquo; button_two_text_color__hover_enabled=&raquo;off&raquo; button_border_width__hover_enabled=&raquo;off&raquo; button_one_border_width__hover_enabled=&raquo;off&raquo; button_two_border_width__hover_enabled=&raquo;off&raquo; button_border_color__hover_enabled=&raquo;off&raquo; button_one_border_color__hover_enabled=&raquo;off&raquo; button_two_border_color__hover_enabled=&raquo;off&raquo; button_border_radius__hover_enabled=&raquo;off&raquo; button_one_border_radius__hover_enabled=&raquo;off&raquo; button_two_border_radius__hover_enabled=&raquo;off&raquo; button_letter_spacing__hover_enabled=&raquo;off&raquo; button_one_letter_spacing__hover_enabled=&raquo;off&raquo; button_two_letter_spacing__hover_enabled=&raquo;off&raquo; button_bg_color__hover_enabled=&raquo;off&raquo; button_one_bg_color__hover_enabled=&raquo;off&raquo; button_two_bg_color__hover_enabled=&raquo;off&raquo;][\/et_pb_contact_field][et_pb_contact_field field_id=&raquo;Telefon&raquo; field_title=&raquo;Telefon&raquo; allowed_symbols=&raquo;numbers&raquo; fullwidth_field=&raquo;on&raquo; _builder_version=&raquo;4.23.1&#8243; _module_preset=&raquo;default&raquo; global_colors_info=&raquo;{}&raquo;][\/et_pb_contact_field][et_pb_contact_field field_id=&raquo;Melding&raquo; field_title=&raquo;Melding&raquo; field_type=&raquo;text&raquo; fullwidth_field=&raquo;on&raquo; _builder_version=&raquo;4.23.1&#8243; global_colors_info=&raquo;{}&raquo; button_text_size__hover_enabled=&raquo;off&raquo; button_one_text_size__hover_enabled=&raquo;off&raquo; button_two_text_size__hover_enabled=&raquo;off&raquo; button_text_color__hover_enabled=&raquo;off&raquo; button_one_text_color__hover_enabled=&raquo;off&raquo; button_two_text_color__hover_enabled=&raquo;off&raquo; button_border_width__hover_enabled=&raquo;off&raquo; button_one_border_width__hover_enabled=&raquo;off&raquo; button_two_border_width__hover_enabled=&raquo;off&raquo; button_border_color__hover_enabled=&raquo;off&raquo; button_one_border_color__hover_enabled=&raquo;off&raquo; button_two_border_color__hover_enabled=&raquo;off&raquo; button_border_radius__hover_enabled=&raquo;off&raquo; button_one_border_radius__hover_enabled=&raquo;off&raquo; button_two_border_radius__hover_enabled=&raquo;off&raquo; button_letter_spacing__hover_enabled=&raquo;off&raquo; button_one_letter_spacing__hover_enabled=&raquo;off&raquo; button_two_letter_spacing__hover_enabled=&raquo;off&raquo; button_bg_color__hover_enabled=&raquo;off&raquo; button_one_bg_color__hover_enabled=&raquo;off&raquo; button_two_bg_color__hover_enabled=&raquo;off&raquo;][\/et_pb_contact_field][\/et_pb_contact_form][\/et_pb_column][et_pb_column type=&raquo;1_2&#8243; _builder_version=&raquo;4.23.1&#8243; _module_preset=&raquo;default&raquo; global_colors_info=&raquo;{}&raquo;][et_pb_code _builder_version=&raquo;4.23.1&#8243; _module_preset=&raquo;default&raquo; global_colors_info=&raquo;{}&raquo; raw_content__hover_enabled=&raquo;off|desktop&raquo;]<iframe src=\"https:\/\/www.google.com\/maps\/embed?pb=!1m18!1m12!1m3!1d1776.6660449391868!2d10.685393677324129!3d63.55746657693059!2m3!1f0!2f0!3f0!3m2!1i1024!2i768!4f13.1!3m3!1m2!1s0x466d38808dfa1b9f%3A0x37b5032624cd38d9!2sFrostavegen%202204%2C%207633%20Frosta!5e0!3m2!1sno!2sno!4v1705429676803!5m2!1sno!2sno\" width=\"600\" height=\"450\" style=\"border:0;\" allowfullscreen=\"\" loading=\"lazy\" referrerpolicy=\"no-referrer-when-downgrade\"><\/iframe>[\/et_pb_code][\/et_pb_column][\/et_pb_row][\/et_pb_section]<\/p>\n","protected":false},"excerpt":{"rendered":"<p>Opplev friluftslivet p\u00e5 Frosta I Trondheimsfjorden har vi en fantastisk natur med fine turmuligheter. P\u00e5 denne turen f\u00e5r du oppleve friluftslivet og nyte naturen sammen med naturguiden Erlend som er kjentmann p\u00e5 Frosta. Denne turen passer for hele familien, da vi tilpasser dette til deres behov. Tronnobergskammen er Frostas svar p\u00e5 Prekestolen. Turen som tar [&hellip;]<\/p>\n","protected":false},"author":2,"featured_media":0,"parent":0,"menu_order":0,"comment_status":"closed","ping_status":"closed","template":"","meta":{"_et_pb_use_builder":"on","_et_pb_old_content":"","_et_gb_content_width":"","footnotes":""},"class_list":["post-5200","page","type-page","status-publish","hentry"],"yoast_head":"<!-- This site is optimized with the Yoast SEO plugin v27.5 - https:\/\/yoast.com\/product\/yoast-seo-wordpress\/ -->\n<title>Opplev friluftslivet p\u00e5 Frosta - Havbris AS<\/title>\n<meta name=\"robots\" content=\"index, follow, max-snippet:-1, max-image-preview:large, max-video-preview:-1\" \/>\n<link rel=\"canonical\" href=\"https:\/\/havbrisas.no\/en\/opplev-friluftslivet-pa-frosta\/\" \/>\n<meta property=\"og:locale\" content=\"en_US\" \/>\n<meta property=\"og:type\" content=\"article\" \/>\n<meta property=\"og:title\" content=\"Opplev friluftslivet p\u00e5 Frosta - Havbris AS\" \/>\n<meta property=\"og:description\" content=\"Opplev friluftslivet p\u00e5 Frosta I Trondheimsfjorden har vi en fantastisk natur med fine turmuligheter. P\u00e5 denne turen f\u00e5r du oppleve friluftslivet og nyte naturen sammen med naturguiden Erlend som er kjentmann p\u00e5 Frosta. Denne turen passer for hele familien, da vi tilpasser dette til deres behov. Tronnobergskammen er Frostas svar p\u00e5 Prekestolen. Turen som tar [&hellip;]\" \/>\n<meta property=\"og:url\" content=\"https:\/\/havbrisas.no\/en\/opplev-friluftslivet-pa-frosta\/\" \/>\n<meta property=\"og:site_name\" content=\"Havbris AS\" \/>\n<meta property=\"article:publisher\" content=\"https:\/\/www.facebook.com\/havbrisas\" \/>\n<meta property=\"article:modified_time\" content=\"2026-05-03T11:09:10+00:00\" \/>\n<meta name=\"twitter:card\" content=\"summary_large_image\" \/>\n<meta name=\"twitter:label1\" content=\"Est. reading time\" \/>\n\t<meta name=\"twitter:data1\" content=\"2 minutes\" \/>\n<script type=\"application\/ld+json\" class=\"yoast-schema-graph\">{\"@context\":\"https:\\\/\\\/schema.org\",\"@graph\":[{\"@type\":\"WebPage\",\"@id\":\"https:\\\/\\\/havbrisas.no\\\/opplev-friluftslivet-pa-frosta\\\/\",\"url\":\"https:\\\/\\\/havbrisas.no\\\/opplev-friluftslivet-pa-frosta\\\/\",\"name\":\"Opplev friluftslivet p\u00e5 Frosta - Havbris AS\",\"isPartOf\":{\"@id\":\"https:\\\/\\\/havbrisas.no\\\/#website\"},\"datePublished\":\"2024-01-17T11:32:32+00:00\",\"dateModified\":\"2026-05-03T11:09:10+00:00\",\"breadcrumb\":{\"@id\":\"https:\\\/\\\/havbrisas.no\\\/opplev-friluftslivet-pa-frosta\\\/#breadcrumb\"},\"inLanguage\":\"en-US\",\"potentialAction\":[{\"@type\":\"ReadAction\",\"target\":[\"https:\\\/\\\/havbrisas.no\\\/opplev-friluftslivet-pa-frosta\\\/\"]}]},{\"@type\":\"BreadcrumbList\",\"@id\":\"https:\\\/\\\/havbrisas.no\\\/opplev-friluftslivet-pa-frosta\\\/#breadcrumb\",\"itemListElement\":[{\"@type\":\"ListItem\",\"position\":1,\"name\":\"Home\",\"item\":\"https:\\\/\\\/havbrisas.no\\\/\"},{\"@type\":\"ListItem\",\"position\":2,\"name\":\"Opplev friluftslivet p\u00e5 Frosta\"}]},{\"@type\":\"WebSite\",\"@id\":\"https:\\\/\\\/havbrisas.no\\\/#website\",\"url\":\"https:\\\/\\\/havbrisas.no\\\/\",\"name\":\"Havbris AS\",\"description\":\"\",\"publisher\":{\"@id\":\"https:\\\/\\\/havbrisas.no\\\/#organization\"},\"potentialAction\":[{\"@type\":\"SearchAction\",\"target\":{\"@type\":\"EntryPoint\",\"urlTemplate\":\"https:\\\/\\\/havbrisas.no\\\/?s={search_term_string}\"},\"query-input\":{\"@type\":\"PropertyValueSpecification\",\"valueRequired\":true,\"valueName\":\"search_term_string\"}}],\"inLanguage\":\"en-US\"},{\"@type\":\"Organization\",\"@id\":\"https:\\\/\\\/havbrisas.no\\\/#organization\",\"name\":\"Havbris AS\",\"url\":\"https:\\\/\\\/havbrisas.no\\\/\",\"logo\":{\"@type\":\"ImageObject\",\"inLanguage\":\"en-US\",\"@id\":\"https:\\\/\\\/havbrisas.no\\\/#\\\/schema\\\/logo\\\/image\\\/\",\"url\":\"https:\\\/\\\/havbrisas.no\\\/wp-content\\\/uploads\\\/2024\\\/01\\\/Untitled-design-24.png\",\"contentUrl\":\"https:\\\/\\\/havbrisas.no\\\/wp-content\\\/uploads\\\/2024\\\/01\\\/Untitled-design-24.png\",\"width\":1000,\"height\":1288,\"caption\":\"Havbris AS\"},\"image\":{\"@id\":\"https:\\\/\\\/havbrisas.no\\\/#\\\/schema\\\/logo\\\/image\\\/\"},\"sameAs\":[\"https:\\\/\\\/www.facebook.com\\\/havbrisas\",\"https:\\\/\\\/www.instagram.com\\\/havbrisas\\\/\"]}]}<\/script>\n<!-- \/ Yoast SEO plugin. -->","yoast_head_json":{"title":"Opplev friluftslivet p\u00e5 Frosta - Havbris AS","robots":{"index":"index","follow":"follow","max-snippet":"max-snippet:-1","max-image-preview":"max-image-preview:large","max-video-preview":"max-video-preview:-1"},"canonical":"https:\/\/havbrisas.no\/en\/opplev-friluftslivet-pa-frosta\/","og_locale":"en_US","og_type":"article","og_title":"Opplev friluftslivet p\u00e5 Frosta - Havbris AS","og_description":"Opplev friluftslivet p\u00e5 Frosta I Trondheimsfjorden har vi en fantastisk natur med fine turmuligheter. P\u00e5 denne turen f\u00e5r du oppleve friluftslivet og nyte naturen sammen med naturguiden Erlend som er kjentmann p\u00e5 Frosta. Denne turen passer for hele familien, da vi tilpasser dette til deres behov. Tronnobergskammen er Frostas svar p\u00e5 Prekestolen. Turen som tar [&hellip;]","og_url":"https:\/\/havbrisas.no\/en\/opplev-friluftslivet-pa-frosta\/","og_site_name":"Havbris AS","article_publisher":"https:\/\/www.facebook.com\/havbrisas","article_modified_time":"2026-05-03T11:09:10+00:00","twitter_card":"summary_large_image","twitter_misc":{"Est. reading time":"2 minutes"},"schema":{"@context":"https:\/\/schema.org","@graph":[{"@type":"WebPage","@id":"https:\/\/havbrisas.no\/opplev-friluftslivet-pa-frosta\/","url":"https:\/\/havbrisas.no\/opplev-friluftslivet-pa-frosta\/","name":"Opplev friluftslivet p\u00e5 Frosta - Havbris AS","isPartOf":{"@id":"https:\/\/havbrisas.no\/#website"},"datePublished":"2024-01-17T11:32:32+00:00","dateModified":"2026-05-03T11:09:10+00:00","breadcrumb":{"@id":"https:\/\/havbrisas.no\/opplev-friluftslivet-pa-frosta\/#breadcrumb"},"inLanguage":"en-US","potentialAction":[{"@type":"ReadAction","target":["https:\/\/havbrisas.no\/opplev-friluftslivet-pa-frosta\/"]}]},{"@type":"BreadcrumbList","@id":"https:\/\/havbrisas.no\/opplev-friluftslivet-pa-frosta\/#breadcrumb","itemListElement":[{"@type":"ListItem","position":1,"name":"Home","item":"https:\/\/havbrisas.no\/"},{"@type":"ListItem","position":2,"name":"Opplev friluftslivet p\u00e5 Frosta"}]},{"@type":"WebSite","@id":"https:\/\/havbrisas.no\/#website","url":"https:\/\/havbrisas.no\/","name":"Havbris AS","description":"","publisher":{"@id":"https:\/\/havbrisas.no\/#organization"},"potentialAction":[{"@type":"SearchAction","target":{"@type":"EntryPoint","urlTemplate":"https:\/\/havbrisas.no\/?s={search_term_string}"},"query-input":{"@type":"PropertyValueSpecification","valueRequired":true,"valueName":"search_term_string"}}],"inLanguage":"en-US"},{"@type":"Organization","@id":"https:\/\/havbrisas.no\/#organization","name":"Havbris AS","url":"https:\/\/havbrisas.no\/","logo":{"@type":"ImageObject","inLanguage":"en-US","@id":"https:\/\/havbrisas.no\/#\/schema\/logo\/image\/","url":"https:\/\/havbrisas.no\/wp-content\/uploads\/2024\/01\/Untitled-design-24.png","contentUrl":"https:\/\/havbrisas.no\/wp-content\/uploads\/2024\/01\/Untitled-design-24.png","width":1000,"height":1288,"caption":"Havbris AS"},"image":{"@id":"https:\/\/havbrisas.no\/#\/schema\/logo\/image\/"},"sameAs":["https:\/\/www.facebook.com\/havbrisas","https:\/\/www.instagram.com\/havbrisas\/"]}]}},"_links":{"self":[{"href":"https:\/\/havbrisas.no\/en\/wp-json\/wp\/v2\/pages\/5200","targetHints":{"allow":["GET"]}}],"collection":[{"href":"https:\/\/havbrisas.no\/en\/wp-json\/wp\/v2\/pages"}],"about":[{"href":"https:\/\/havbrisas.no\/en\/wp-json\/wp\/v2\/types\/page"}],"author":[{"embeddable":true,"href":"https:\/\/havbrisas.no\/en\/wp-json\/wp\/v2\/users\/2"}],"replies":[{"embeddable":true,"href":"https:\/\/havbrisas.no\/en\/wp-json\/wp\/v2\/comments?post=5200"}],"version-history":[{"count":9,"href":"https:\/\/havbrisas.no\/en\/wp-json\/wp\/v2\/pages\/5200\/revisions"}],"predecessor-version":[{"id":5582,"href":"https:\/\/havbrisas.no\/en\/wp-json\/wp\/v2\/pages\/5200\/revisions\/5582"}],"wp:attachment":[{"href":"https:\/\/havbrisas.no\/en\/wp-json\/wp\/v2\/media?parent=5200"}],"curies":[{"name":"wp","href":"https:\/\/api.w.org\/{rel}","templated":true}]}}