{"id":5191,"date":"2024-01-17T11:21:29","date_gmt":"2024-01-17T11:21:29","guid":{"rendered":"https:\/\/havbrisas.no\/?page_id=5191"},"modified":"2025-07-04T13:04:10","modified_gmt":"2025-07-04T13:04:10","slug":"eksklusiv-gardsturisme","status":"publish","type":"page","link":"https:\/\/havbrisas.no\/en\/eksklusiv-gardsturisme\/","title":{"rendered":"EXCLUSIVE FARM TOURISM"},"content":{"rendered":"<p>[et_pb_section fb_built=&raquo;1&#8243; _builder_version=&raquo;4.23.1&#8243; _module_preset=&raquo;default&raquo; background_image=&raquo;https:\/\/havbrisas.no\/wp-content\/uploads\/2024\/01\/IMG_2487-scaled.jpg&raquo; background_position=&raquo;bottom_center&raquo; background_vertical_offset=&raquo;33%&raquo; height=&raquo;394px&raquo; global_colors_info=&raquo;{}&raquo;][et_pb_row _builder_version=&raquo;4.23.1&#8243; _module_preset=&raquo;default&raquo; global_colors_info=&raquo;{}&raquo;][et_pb_column type=&raquo;4_4&#8243; _builder_version=&raquo;4.23.1&#8243; _module_preset=&raquo;default&raquo; global_colors_info=&raquo;{}&raquo;][et_pb_text _builder_version=&raquo;4.23.1&#8243; _module_preset=&raquo;default&raquo; header_2_font=&raquo;Jost|600||on|||||&raquo; header_2_text_align=&raquo;center&raquo; header_2_text_color=&raquo;#FFFFFF&raquo; header_2_font_size=&raquo;40px&raquo; header_2_line_height=&raquo;1.6em&raquo; locked=&raquo;off&raquo; global_colors_info=&raquo;{}&raquo;]<\/p>\n<h2>EKSKLUSIV G\u00c5RDSTURISME<\/h2>\n<p>[\/et_pb_text][\/et_pb_column][\/et_pb_row][\/et_pb_section][et_pb_section fb_built=&raquo;1&#8243; _builder_version=&raquo;4.23.1&#8243; _module_preset=&raquo;default&raquo; global_colors_info=&raquo;{}&raquo;][et_pb_row _builder_version=&raquo;4.23.1&#8243; _module_preset=&raquo;default&raquo; custom_padding=&raquo;|||8px||&raquo; border_radii=&raquo;on|2px|2px|2px|2px&raquo; border_radii_tablet=&raquo;on|0px|0px|0px|0px&raquo; border_radii_phone=&raquo;on|2px|2px|2px|2px&raquo; border_radii_last_edited=&raquo;on|phone&raquo; global_colors_info=&raquo;{}&raquo;][et_pb_column type=&raquo;4_4&#8243; _builder_version=&raquo;4.23.1&#8243; _module_preset=&raquo;default&raquo; global_colors_info=&raquo;{}&raquo;][et_pb_text _builder_version=&raquo;4.23.1&#8243; _module_preset=&raquo;default&raquo; text_font=&raquo;Poppins||||||||&raquo; text_text_color=&raquo;#707070&#8243; text_font_size=&raquo;16px&raquo; text_line_height=&raquo;1.8em&raquo; header_2_font=&raquo;Jost|700||on|||||&raquo; header_2_text_color=&raquo;#000000&#8243; header_2_font_size=&raquo;50px&raquo; custom_padding=&raquo;|||13px||&raquo; locked=&raquo;off&raquo; global_colors_info=&raquo;{}&raquo;]<\/p>\n<p>Velkommen til en innholdsrik og eksklusiv g\u00e5rdsopplevelse p\u00e5 frodige Frosta. 45 minutter fra Trondheim flyplass V\u00e6rnes ligger Frosta, som i generasjoner har dyrket f\u00f8rsteklasses jordbruk, og har f\u00e5tt kallenavnet \u00abTrondheims kj\u00f8kkenhage\u00bb. Vi tar deg med p\u00e5 innsida av produksjonen og gir deg samtidig en genuin opplevelse utenom det vanlige.<\/p>\n<p>G\u00e5rdsopplevelser p\u00e5 Frosta passer for alle aldre, og aktiviteten er tilpasset din gruppe og sesongvariasjon.<\/p>\n<p><strong>Hvorfor g\u00e5rdsopplevelser?<\/strong><br \/>Frosta har lang tradisjon for jordbruk og husdyrhold. P\u00e5 Frosta vil du m\u00f8te bonden, som er ivrig p\u00e5 \u00e5 formidle historie, kunnskap og erfaring fra livet p\u00e5 g\u00e5rden. Du vil gjennom eksklusiv g\u00e5rdsopplevelser f\u00e5 en autentisk og minneverdig opplevelse med variasjon. G\u00e5rdsopplevelser h\u00f8res spennende ut! Du vil kunne bli med p\u00e5 bes\u00f8k hos dyra, en tur i gr\u00f8nnsaks\u00e5keren og vi tilbyr ogs\u00e5 smaksopplevelser. Frostas produsenter har i lengre tid v\u00e6rt innovativ med utvikling av forskjellige produkter, og listen er for lang til \u00e5 ta med alt her. G\u00e5rdsopplevelser tar deg med p\u00e5 en unik kombinasjon av aktiviteter basert p\u00e5 sesongvariasjonen.<\/p>\n<p><strong>Praktisk info<\/strong><br \/>Vi vil legge vekt p\u00e5 at oppholdet er forn\u00f8yelig og samtidig l\u00e6rerikt. Gruppen din er minimum 4 personer, og maksimum 12 personer. Du m\u00e5 kle deg etter v\u00e6ret, da vi kan v\u00e6re ute i en halvtime om gangen.<\/p>\n<p>Programmet vil variere etter sesongvariasjon<\/p>\n<p>\u00a0PRIS pr pers: kr 675<\/p>\n<p><span style=\"font-size: 16px;\">PRISENE INKLUDERER<\/span><\/p>\n<ul>\n<li><span>En unik og tilpasset g\u00e5rdsopplevelse for din gruppe<\/span><\/li>\n<li>Smakspr\u00f8ver\n<p>PRISENE INKLUDERER IKKE<\/p>\n<\/li>\n<\/ul>\n<ul>\n<li>Transport imellom produsentene<\/li>\n<\/ul>\n<p>&nbsp;<\/p>\n<p>Fyll ut skjema eller ta kontakt med oss hvis du lurer p\u00e5 noe<br \/><a href=\"mailto:info@havbrisas.no\">info@havbrisas.no<\/a><br \/><a href=\"tel:+47%20988 02 283\">+47 988 02 283<\/a><\/p>\n<p>Mer info<span style=\"font-size: 16px;\"> <\/span><\/p>\n<ul>\n<li><span style=\"font-size: 16px;\"><\/span><a href=\"https:\/\/trondelag.com\/opplevelser\/pa-innsida-av-trondheims-kjokkenhage-eksklusiv-gardsturisme-pa-frosta\/\" id=\"m_-7322603398069410402OWA580440c9-3c1a-418a-7bf1-85f3bf972b82\" target=\"_blank\" data-saferedirecturl=\"https:\/\/www.google.com\/url?q=https:\/\/trondelag.com\/aktiviteter\/pa-innsida-av-trondheims-kjokkenhage-eksklusiv-gardsturisme-pa-frosta\/1621482\/&amp;source=gmail&amp;ust=1715926593128000&amp;usg=AOvVaw38bHfwt-quHQoyKQGjRk6x\" jslog=\"32272; 1:WyIjdGhyZWFkLWY6MTc5OTAzMTg5NDQyNjYwOTYwNyJd; 4:WyIjbXNnLWY6MTc5OTAzMTg5NDQyNjYwOTYwNyJd\" rel=\"noopener\" style=\"font-size: 16px;\">Explore Tr\u00f8ndelag<\/a><\/li>\n<li><a href=\"https:\/\/www.visitnorway.com\/places-to-go\/trondelag\/listings-trondelag\/exclusive-farm-experience-in-frosta-%26%238211%3b-the-farmers-garden-of-trondheim\/273078\/\">Visit Norway<\/a><\/li>\n<\/ul>\n<p>[\/et_pb_text][\/et_pb_column][\/et_pb_row][\/et_pb_section][et_pb_section fb_built=&raquo;1&#8243; module_id=&raquo;KONTAKT&raquo; _builder_version=&raquo;4.23.1&#8243; _module_preset=&raquo;default&raquo; global_colors_info=&raquo;{}&raquo;][et_pb_row column_structure=&raquo;1_2,1_2&#8243; module_id=&raquo;skjema&raquo; _builder_version=&raquo;4.23.1&#8243; _module_preset=&raquo;default&raquo; global_colors_info=&raquo;{}&raquo;][et_pb_column type=&raquo;1_2&#8243; _builder_version=&raquo;4.23.1&#8243; _module_preset=&raquo;default&raquo; global_colors_info=&raquo;{}&raquo;][et_pb_contact_form email=&raquo;info@havbrisas.no&raquo; submit_button_text=&raquo;Send&raquo; _builder_version=&raquo;4.27.4&#8243; _module_preset=&raquo;default&raquo; _unique_id=&raquo;591d1257-ddb4-44ab-ab8c-8de5fae1ae0b&raquo; form_field_text_color=&raquo;#000000&#8243; captcha_font=&raquo;Poppins||||||||&raquo; captcha_text_color=&raquo;#000000&#8243; form_field_font=&raquo;Poppins||||||||&raquo; custom_button=&raquo;on&raquo; button_text_size=&raquo;16px&raquo; button_text_color=&raquo;#ffffff&raquo; button_bg_color=&raquo;#043c9a&raquo; button_font=&raquo;Poppins|||on|||||&raquo; global_colors_info=&raquo;{}&raquo;][et_pb_contact_field field_id=&raquo;Navn&raquo; field_title=&raquo;Navn&raquo; _builder_version=&raquo;4.23.1&#8243; global_colors_info=&raquo;{}&raquo; button_text_size__hover_enabled=&raquo;off&raquo; button_one_text_size__hover_enabled=&raquo;off&raquo; button_two_text_size__hover_enabled=&raquo;off&raquo; button_text_color__hover_enabled=&raquo;off&raquo; button_one_text_color__hover_enabled=&raquo;off&raquo; button_two_text_color__hover_enabled=&raquo;off&raquo; button_border_width__hover_enabled=&raquo;off&raquo; button_one_border_width__hover_enabled=&raquo;off&raquo; button_two_border_width__hover_enabled=&raquo;off&raquo; button_border_color__hover_enabled=&raquo;off&raquo; button_one_border_color__hover_enabled=&raquo;off&raquo; button_two_border_color__hover_enabled=&raquo;off&raquo; button_border_radius__hover_enabled=&raquo;off&raquo; button_one_border_radius__hover_enabled=&raquo;off&raquo; button_two_border_radius__hover_enabled=&raquo;off&raquo; button_letter_spacing__hover_enabled=&raquo;off&raquo; button_one_letter_spacing__hover_enabled=&raquo;off&raquo; button_two_letter_spacing__hover_enabled=&raquo;off&raquo; button_bg_color__hover_enabled=&raquo;off&raquo; button_one_bg_color__hover_enabled=&raquo;off&raquo; button_two_bg_color__hover_enabled=&raquo;off&raquo;][\/et_pb_contact_field][et_pb_contact_field field_id=&raquo;Epost&raquo; field_title=&raquo;Epost&raquo; field_type=&raquo;email&raquo; _builder_version=&raquo;4.23.1&#8243; global_colors_info=&raquo;{}&raquo; button_text_size__hover_enabled=&raquo;off&raquo; button_one_text_size__hover_enabled=&raquo;off&raquo; button_two_text_size__hover_enabled=&raquo;off&raquo; button_text_color__hover_enabled=&raquo;off&raquo; button_one_text_color__hover_enabled=&raquo;off&raquo; button_two_text_color__hover_enabled=&raquo;off&raquo; button_border_width__hover_enabled=&raquo;off&raquo; button_one_border_width__hover_enabled=&raquo;off&raquo; button_two_border_width__hover_enabled=&raquo;off&raquo; button_border_color__hover_enabled=&raquo;off&raquo; button_one_border_color__hover_enabled=&raquo;off&raquo; button_two_border_color__hover_enabled=&raquo;off&raquo; button_border_radius__hover_enabled=&raquo;off&raquo; button_one_border_radius__hover_enabled=&raquo;off&raquo; button_two_border_radius__hover_enabled=&raquo;off&raquo; button_letter_spacing__hover_enabled=&raquo;off&raquo; button_one_letter_spacing__hover_enabled=&raquo;off&raquo; button_two_letter_spacing__hover_enabled=&raquo;off&raquo; button_bg_color__hover_enabled=&raquo;off&raquo; button_one_bg_color__hover_enabled=&raquo;off&raquo; button_two_bg_color__hover_enabled=&raquo;off&raquo;][\/et_pb_contact_field][et_pb_contact_field field_id=&raquo;Telefon&raquo; field_title=&raquo;Telefon&raquo; allowed_symbols=&raquo;numbers&raquo; fullwidth_field=&raquo;on&raquo; _builder_version=&raquo;4.23.1&#8243; _module_preset=&raquo;default&raquo; global_colors_info=&raquo;{}&raquo;][\/et_pb_contact_field][et_pb_contact_field field_id=&raquo;Melding&raquo; field_title=&raquo;Melding&raquo; field_type=&raquo;text&raquo; fullwidth_field=&raquo;on&raquo; _builder_version=&raquo;4.23.1&#8243; global_colors_info=&raquo;{}&raquo; button_text_size__hover_enabled=&raquo;off&raquo; button_one_text_size__hover_enabled=&raquo;off&raquo; button_two_text_size__hover_enabled=&raquo;off&raquo; button_text_color__hover_enabled=&raquo;off&raquo; button_one_text_color__hover_enabled=&raquo;off&raquo; button_two_text_color__hover_enabled=&raquo;off&raquo; button_border_width__hover_enabled=&raquo;off&raquo; button_one_border_width__hover_enabled=&raquo;off&raquo; button_two_border_width__hover_enabled=&raquo;off&raquo; button_border_color__hover_enabled=&raquo;off&raquo; button_one_border_color__hover_enabled=&raquo;off&raquo; button_two_border_color__hover_enabled=&raquo;off&raquo; button_border_radius__hover_enabled=&raquo;off&raquo; button_one_border_radius__hover_enabled=&raquo;off&raquo; button_two_border_radius__hover_enabled=&raquo;off&raquo; button_letter_spacing__hover_enabled=&raquo;off&raquo; button_one_letter_spacing__hover_enabled=&raquo;off&raquo; button_two_letter_spacing__hover_enabled=&raquo;off&raquo; button_bg_color__hover_enabled=&raquo;off&raquo; button_one_bg_color__hover_enabled=&raquo;off&raquo; button_two_bg_color__hover_enabled=&raquo;off&raquo;][\/et_pb_contact_field][\/et_pb_contact_form][\/et_pb_column][et_pb_column type=&raquo;1_2&#8243; _builder_version=&raquo;4.23.1&#8243; _module_preset=&raquo;default&raquo; global_colors_info=&raquo;{}&raquo;][et_pb_code _builder_version=&raquo;4.23.1&#8243; _module_preset=&raquo;default&raquo; global_colors_info=&raquo;{}&raquo; raw_content__hover_enabled=&raquo;off|desktop&raquo;]<iframe src=\"https:\/\/www.google.com\/maps\/embed?pb=!1m18!1m12!1m3!1d1776.6660449391868!2d10.685393677324129!3d63.55746657693059!2m3!1f0!2f0!3f0!3m2!1i1024!2i768!4f13.1!3m3!1m2!1s0x466d38808dfa1b9f%3A0x37b5032624cd38d9!2sFrostavegen%202204%2C%207633%20Frosta!5e0!3m2!1sno!2sno!4v1705429676803!5m2!1sno!2sno\" width=\"600\" height=\"450\" style=\"border:0;\" allowfullscreen=\"\" loading=\"lazy\" referrerpolicy=\"no-referrer-when-downgrade\"><\/iframe>[\/et_pb_code][\/et_pb_column][\/et_pb_row][\/et_pb_section]<\/p>\n","protected":false},"excerpt":{"rendered":"<p>EKSKLUSIV G\u00c5RDSTURISMEVelkommen til en innholdsrik og eksklusiv g\u00e5rdsopplevelse p\u00e5 frodige Frosta. 45 minutter fra Trondheim flyplass V\u00e6rnes ligger Frosta, som i generasjoner har dyrket f\u00f8rsteklasses jordbruk, og har f\u00e5tt kallenavnet \u00abTrondheims kj\u00f8kkenhage\u00bb. Vi tar deg med p\u00e5 innsida av produksjonen og gir deg samtidig en genuin opplevelse utenom det vanlige. G\u00e5rdsopplevelser p\u00e5 Frosta passer for [&hellip;]<\/p>\n","protected":false},"author":2,"featured_media":0,"parent":0,"menu_order":0,"comment_status":"closed","ping_status":"closed","template":"","meta":{"_et_pb_use_builder":"on","_et_pb_old_content":"","_et_gb_content_width":"","footnotes":""},"class_list":["post-5191","page","type-page","status-publish","hentry"],"yoast_head":"<!-- This site is optimized with the Yoast SEO plugin v27.5 - https:\/\/yoast.com\/product\/yoast-seo-wordpress\/ -->\n<title>EKSKLUSIV G\u00c5RDSTURISME - Havbris AS<\/title>\n<meta name=\"robots\" content=\"index, follow, max-snippet:-1, max-image-preview:large, max-video-preview:-1\" \/>\n<link rel=\"canonical\" href=\"https:\/\/havbrisas.no\/en\/eksklusiv-gardsturisme\/\" \/>\n<meta property=\"og:locale\" content=\"en_US\" \/>\n<meta property=\"og:type\" content=\"article\" \/>\n<meta property=\"og:title\" content=\"EKSKLUSIV G\u00c5RDSTURISME - Havbris AS\" \/>\n<meta property=\"og:description\" content=\"EKSKLUSIV G\u00c5RDSTURISMEVelkommen til en innholdsrik og eksklusiv g\u00e5rdsopplevelse p\u00e5 frodige Frosta. 45 minutter fra Trondheim flyplass V\u00e6rnes ligger Frosta, som i generasjoner har dyrket f\u00f8rsteklasses jordbruk, og har f\u00e5tt kallenavnet \u00abTrondheims kj\u00f8kkenhage\u00bb. Vi tar deg med p\u00e5 innsida av produksjonen og gir deg samtidig en genuin opplevelse utenom det vanlige. G\u00e5rdsopplevelser p\u00e5 Frosta passer for [&hellip;]\" \/>\n<meta property=\"og:url\" content=\"https:\/\/havbrisas.no\/en\/eksklusiv-gardsturisme\/\" \/>\n<meta property=\"og:site_name\" content=\"Havbris AS\" \/>\n<meta property=\"article:publisher\" content=\"https:\/\/www.facebook.com\/havbrisas\" \/>\n<meta property=\"article:modified_time\" content=\"2025-07-04T13:04:10+00:00\" \/>\n<meta name=\"twitter:card\" content=\"summary_large_image\" \/>\n<meta name=\"twitter:label1\" content=\"Est. reading time\" \/>\n\t<meta name=\"twitter:data1\" content=\"6 minutes\" \/>\n<script type=\"application\/ld+json\" class=\"yoast-schema-graph\">{\"@context\":\"https:\\\/\\\/schema.org\",\"@graph\":[{\"@type\":\"WebPage\",\"@id\":\"https:\\\/\\\/havbrisas.no\\\/eksklusiv-gardsturisme\\\/\",\"url\":\"https:\\\/\\\/havbrisas.no\\\/eksklusiv-gardsturisme\\\/\",\"name\":\"EKSKLUSIV G\u00c5RDSTURISME - Havbris AS\",\"isPartOf\":{\"@id\":\"https:\\\/\\\/havbrisas.no\\\/#website\"},\"datePublished\":\"2024-01-17T11:21:29+00:00\",\"dateModified\":\"2025-07-04T13:04:10+00:00\",\"breadcrumb\":{\"@id\":\"https:\\\/\\\/havbrisas.no\\\/eksklusiv-gardsturisme\\\/#breadcrumb\"},\"inLanguage\":\"en-US\",\"potentialAction\":[{\"@type\":\"ReadAction\",\"target\":[\"https:\\\/\\\/havbrisas.no\\\/eksklusiv-gardsturisme\\\/\"]}]},{\"@type\":\"BreadcrumbList\",\"@id\":\"https:\\\/\\\/havbrisas.no\\\/eksklusiv-gardsturisme\\\/#breadcrumb\",\"itemListElement\":[{\"@type\":\"ListItem\",\"position\":1,\"name\":\"Home\",\"item\":\"https:\\\/\\\/havbrisas.no\\\/\"},{\"@type\":\"ListItem\",\"position\":2,\"name\":\"EKSKLUSIV G\u00c5RDSTURISME\"}]},{\"@type\":\"WebSite\",\"@id\":\"https:\\\/\\\/havbrisas.no\\\/#website\",\"url\":\"https:\\\/\\\/havbrisas.no\\\/\",\"name\":\"Havbris AS\",\"description\":\"\",\"publisher\":{\"@id\":\"https:\\\/\\\/havbrisas.no\\\/#organization\"},\"potentialAction\":[{\"@type\":\"SearchAction\",\"target\":{\"@type\":\"EntryPoint\",\"urlTemplate\":\"https:\\\/\\\/havbrisas.no\\\/?s={search_term_string}\"},\"query-input\":{\"@type\":\"PropertyValueSpecification\",\"valueRequired\":true,\"valueName\":\"search_term_string\"}}],\"inLanguage\":\"en-US\"},{\"@type\":\"Organization\",\"@id\":\"https:\\\/\\\/havbrisas.no\\\/#organization\",\"name\":\"Havbris AS\",\"url\":\"https:\\\/\\\/havbrisas.no\\\/\",\"logo\":{\"@type\":\"ImageObject\",\"inLanguage\":\"en-US\",\"@id\":\"https:\\\/\\\/havbrisas.no\\\/#\\\/schema\\\/logo\\\/image\\\/\",\"url\":\"https:\\\/\\\/havbrisas.no\\\/wp-content\\\/uploads\\\/2024\\\/01\\\/Untitled-design-24.png\",\"contentUrl\":\"https:\\\/\\\/havbrisas.no\\\/wp-content\\\/uploads\\\/2024\\\/01\\\/Untitled-design-24.png\",\"width\":1000,\"height\":1288,\"caption\":\"Havbris AS\"},\"image\":{\"@id\":\"https:\\\/\\\/havbrisas.no\\\/#\\\/schema\\\/logo\\\/image\\\/\"},\"sameAs\":[\"https:\\\/\\\/www.facebook.com\\\/havbrisas\",\"https:\\\/\\\/www.instagram.com\\\/havbrisas\\\/\"]}]}<\/script>\n<!-- \/ Yoast SEO plugin. -->","yoast_head_json":{"title":"EXCLUSIVE FARM TOURISM - Havbris AS","robots":{"index":"index","follow":"follow","max-snippet":"max-snippet:-1","max-image-preview":"max-image-preview:large","max-video-preview":"max-video-preview:-1"},"canonical":"https:\/\/havbrisas.no\/en\/eksklusiv-gardsturisme\/","og_locale":"en_US","og_type":"article","og_title":"EKSKLUSIV G\u00c5RDSTURISME - Havbris AS","og_description":"EKSKLUSIV G\u00c5RDSTURISMEVelkommen til en innholdsrik og eksklusiv g\u00e5rdsopplevelse p\u00e5 frodige Frosta. 45 minutter fra Trondheim flyplass V\u00e6rnes ligger Frosta, som i generasjoner har dyrket f\u00f8rsteklasses jordbruk, og har f\u00e5tt kallenavnet \u00abTrondheims kj\u00f8kkenhage\u00bb. Vi tar deg med p\u00e5 innsida av produksjonen og gir deg samtidig en genuin opplevelse utenom det vanlige. G\u00e5rdsopplevelser p\u00e5 Frosta passer for [&hellip;]","og_url":"https:\/\/havbrisas.no\/en\/eksklusiv-gardsturisme\/","og_site_name":"Havbris AS","article_publisher":"https:\/\/www.facebook.com\/havbrisas","article_modified_time":"2025-07-04T13:04:10+00:00","twitter_card":"summary_large_image","twitter_misc":{"Est. reading time":"6 minutes"},"schema":{"@context":"https:\/\/schema.org","@graph":[{"@type":"WebPage","@id":"https:\/\/havbrisas.no\/eksklusiv-gardsturisme\/","url":"https:\/\/havbrisas.no\/eksklusiv-gardsturisme\/","name":"EXCLUSIVE FARM TOURISM - Havbris AS","isPartOf":{"@id":"https:\/\/havbrisas.no\/#website"},"datePublished":"2024-01-17T11:21:29+00:00","dateModified":"2025-07-04T13:04:10+00:00","breadcrumb":{"@id":"https:\/\/havbrisas.no\/eksklusiv-gardsturisme\/#breadcrumb"},"inLanguage":"en-US","potentialAction":[{"@type":"ReadAction","target":["https:\/\/havbrisas.no\/eksklusiv-gardsturisme\/"]}]},{"@type":"BreadcrumbList","@id":"https:\/\/havbrisas.no\/eksklusiv-gardsturisme\/#breadcrumb","itemListElement":[{"@type":"ListItem","position":1,"name":"Home","item":"https:\/\/havbrisas.no\/"},{"@type":"ListItem","position":2,"name":"EKSKLUSIV G\u00c5RDSTURISME"}]},{"@type":"WebSite","@id":"https:\/\/havbrisas.no\/#website","url":"https:\/\/havbrisas.no\/","name":"Havbris AS","description":"","publisher":{"@id":"https:\/\/havbrisas.no\/#organization"},"potentialAction":[{"@type":"SearchAction","target":{"@type":"EntryPoint","urlTemplate":"https:\/\/havbrisas.no\/?s={search_term_string}"},"query-input":{"@type":"PropertyValueSpecification","valueRequired":true,"valueName":"search_term_string"}}],"inLanguage":"en-US"},{"@type":"Organization","@id":"https:\/\/havbrisas.no\/#organization","name":"Havbris AS","url":"https:\/\/havbrisas.no\/","logo":{"@type":"ImageObject","inLanguage":"en-US","@id":"https:\/\/havbrisas.no\/#\/schema\/logo\/image\/","url":"https:\/\/havbrisas.no\/wp-content\/uploads\/2024\/01\/Untitled-design-24.png","contentUrl":"https:\/\/havbrisas.no\/wp-content\/uploads\/2024\/01\/Untitled-design-24.png","width":1000,"height":1288,"caption":"Havbris AS"},"image":{"@id":"https:\/\/havbrisas.no\/#\/schema\/logo\/image\/"},"sameAs":["https:\/\/www.facebook.com\/havbrisas","https:\/\/www.instagram.com\/havbrisas\/"]}]}},"_links":{"self":[{"href":"https:\/\/havbrisas.no\/en\/wp-json\/wp\/v2\/pages\/5191","targetHints":{"allow":["GET"]}}],"collection":[{"href":"https:\/\/havbrisas.no\/en\/wp-json\/wp\/v2\/pages"}],"about":[{"href":"https:\/\/havbrisas.no\/en\/wp-json\/wp\/v2\/types\/page"}],"author":[{"embeddable":true,"href":"https:\/\/havbrisas.no\/en\/wp-json\/wp\/v2\/users\/2"}],"replies":[{"embeddable":true,"href":"https:\/\/havbrisas.no\/en\/wp-json\/wp\/v2\/comments?post=5191"}],"version-history":[{"count":12,"href":"https:\/\/havbrisas.no\/en\/wp-json\/wp\/v2\/pages\/5191\/revisions"}],"predecessor-version":[{"id":5496,"href":"https:\/\/havbrisas.no\/en\/wp-json\/wp\/v2\/pages\/5191\/revisions\/5496"}],"wp:attachment":[{"href":"https:\/\/havbrisas.no\/en\/wp-json\/wp\/v2\/media?parent=5191"}],"curies":[{"name":"wp","href":"https:\/\/api.w.org\/{rel}","templated":true}]}}